{"id":8236,"date":"2024-12-09T17:23:23","date_gmt":"2024-12-09T17:23:23","guid":{"rendered":"https:\/\/staging.leo.tech\/sofalliance-success-story\/"},"modified":"2026-04-22T14:13:04","modified_gmt":"2026-04-22T13:13:04","slug":"sofalliance-success-story","status":"publish","type":"page","link":"https:\/\/leo.tech\/fr\/sofalliance-success-story\/","title":{"rendered":"Sofalliance Success Story"},"content":{"rendered":"\t\t<div data-elementor-type=\"wp-page\" data-elementor-id=\"8236\" class=\"elementor elementor-8236 elementor-8225\" data-elementor-settings=\"{&quot;ha_cmc_init_switcher&quot;:&quot;no&quot;}\" data-elementor-post-type=\"page\">\n\t\t\t\t<div data-particle_enable=\"false\" data-particle-mobile-disabled=\"false\" class=\"elementor-element elementor-element-0e866bd e-flex e-con-boxed e-con e-parent\" data-id=\"0e866bd\" data-element_type=\"container\" data-e-type=\"container\" data-settings=\"{&quot;background_background&quot;:&quot;classic&quot;,&quot;shape_divider_bottom&quot;:&quot;curve&quot;,&quot;shape_divider_bottom_negative&quot;:&quot;yes&quot;,&quot;_ha_eqh_enable&quot;:false}\">\n\t\t\t\t\t<div class=\"e-con-inner\">\n\t\t\t\t<div class=\"elementor-shape elementor-shape-bottom\" aria-hidden=\"true\" data-negative=\"true\">\n\t\t\t<svg xmlns=\"http:\/\/www.w3.org\/2000\/svg\" viewBox=\"0 0 1000 100\" preserveAspectRatio=\"none\">\n\t<path class=\"elementor-shape-fill\" d=\"M500,97C126.7,96.3,0.8,19.8,0,0v100l1000,0V1C1000,19.4,873.3,97.8,500,97z\"\/>\n<\/svg>\t\t<\/div>\n\t\t\t\t<div class=\"elementor-element elementor-element-2567170 elementor-widget elementor-widget-heading\" data-id=\"2567170\" data-element_type=\"widget\" data-e-type=\"widget\" data-widget_type=\"heading.default\">\n\t\t\t\t<div class=\"elementor-widget-container\">\n\t\t\t\t\t<h1 class=\"elementor-heading-title elementor-size-default\">Sofalliance : Structurer les processus de conformit\u00e9 et am\u00e9liorer l\u2019exp\u00e9rience client <\/h1>\t\t\t\t<\/div>\n\t\t\t\t<\/div>\n\t\t\t\t\t<\/div>\n\t\t\t\t<\/div>\n\t\t<div data-particle_enable=\"false\" data-particle-mobile-disabled=\"false\" class=\"elementor-element elementor-element-6f493fd e-flex e-con-boxed e-con e-parent\" data-id=\"6f493fd\" data-element_type=\"container\" data-e-type=\"container\" data-settings=\"{&quot;background_background&quot;:&quot;classic&quot;,&quot;_ha_eqh_enable&quot;:false}\">\n\t\t\t\t\t<div class=\"e-con-inner\">\n\t\t\t\t<div class=\"elementor-element elementor-element-40bb997 elementor-widget elementor-widget-text-editor\" data-id=\"40bb997\" data-element_type=\"widget\" data-e-type=\"widget\" data-widget_type=\"text-editor.default\">\n\t\t\t\t<div class=\"elementor-widget-container\">\n\t\t\t\t\t\t\t\t\t<h2><strong>\u00c0 propos de Sofalliance<\/strong><\/h2><p>Sofalliance est une soci\u00e9t\u00e9 de conseil sp\u00e9cialis\u00e9e aupr\u00e8s des professionnels du Capital Investissement.<\/p><p>Depuis plus de 30 ans, elle intervient en tant que conseil sur le march\u00e9 des activit\u00e9s r\u00e9glement\u00e9es, avec une expertise particuli\u00e8re dans les prestations de contr\u00f4le interne, de contr\u00f4le p\u00e9riodique, de compliance ou encore en tant que RCCI pour des SGP.<\/p><p><br \/>Son exp\u00e9rience riche, \u00e0 la fois en tant que prestataire externe aupr\u00e8s de clients du Private Equity et en tant que secr\u00e9taire g\u00e9n\u00e9ral de SGP, permet \u00e0 Sofalliance de fournir un accompagnement rigoureux et avis\u00e9, alliant expertise technique et v\u00e9ritable dimension de conseil.<\/p><p><br \/>Sofalliance s\u2019appuie sur une \u00e9quipe enti\u00e8rement d\u00e9ploy\u00e9e en France, offrant une d\u00e9marche \u00e0 la fois responsable et centr\u00e9e sur la qualit\u00e9 et la proximit\u00e9 avec ses clients.<\/p><h5><span style=\"color: #d92b51;\">Le D\u00e9fi<\/span><\/h5><h2><strong>Se diff\u00e9rencier et structurer l\u2019offre<\/strong><\/h2><p>L\u2019un des principaux d\u00e9fis de Sofalliance \u00e9tait de se distinguer des autres cabinets de conseil en adoptant une solution innovante. Cette d\u00e9marche a marqu\u00e9 un v\u00e9ritable pivot dans leur fonctionnement d\u00e8s le lancement de leur nouvelle offre de contr\u00f4le permanent et p\u00e9riodique.<\/p><p>En int\u00e9grant Leo d\u00e8s le d\u00e9part, Sofalliance souhaitait unifier ses processus, accompagner ses \u00e9quipes dans la gestion des missions, et r\u00e9pondre aux attentes de l\u2019AMF. Avant cela, ils ne disposaient pas de structure claire pour g\u00e9rer ces processus.<\/p><p>Ils cherchaient \u00e9galement \u00e0 mieux servir leurs clients. La position AMF 2014-06 soulignait \u00e9galement que les cabinets de conseil n\u2019\u00e9taient pas toujours assez transparents sur l\u2019\u00e9tat d\u2019avancement des contr\u00f4les et sur le suivi des recommandations aupr\u00e8s des soci\u00e9t\u00e9s de gestion et inversement. Sofalliance voulait donc combler cette lacune en adoptant des outils qui garantissent une transparence accrue.<\/p><h5><span style=\"color: #d92b51;\">La Solution<\/span><\/h5><h2><strong>L\u2019int\u00e9gration de Leo RegTech<\/strong><\/h2><p>Sofalliance a fait appel \u00e0 Leo RegTech pour structurer et digitaliser ses processus de conformit\u00e9. Gr\u00e2ce \u00e0 Leo, ils ont pu mettre en place une base solide de fiches de contr\u00f4le, leur permettant de professionnaliser rapidement leur nouvelle offre.<\/p><p>En s\u2019appuyant sur les trames mis \u00e0 jour par un cabinet d\u2019avocat, Leo a fourni une solution cl\u00e9 en main, personnalisable et b\u00e9n\u00e9ficiant d\u2019une veille semestrielle sur les fiches de contr\u00f4le. En parall\u00e8le, l\u2019outil a offert une transparence en temps r\u00e9el sur les contr\u00f4les de niveau 2 et 3, permettant de visualiser l\u2019avanc\u00e9e sur le plan de contr\u00f4le, le d\u00e9tail des contr\u00f4les, et de traiter les recommandations de mani\u00e8re proactive.<\/p><h5><span style=\"color: #d92b51;\">Les R\u00e9sultats<\/span><\/h5><h2><strong>Des processus optimis\u00e9s et une meilleure exp\u00e9rience client<\/strong><\/h2><p>L\u2019adoption de Leo a permis \u00e0 Sofalliance de :<\/p><ul><li>Structurer ses fiches et ses processus d\u00e8s le lancement de la nouvelle offre ;<\/li><li>Fluidifier le parcours KYC des investisseurs, facilitant l\u2019onboarding de plus de 60 investisseurs de mani\u00e8re simple et rapide, lesquels ont particuli\u00e8rement appr\u00e9ci\u00e9 la praticit\u00e9 et l\u2019efficacit\u00e9 des formulaires propos\u00e9s via Leo. Cela a directement contribu\u00e9 \u00e0 la r\u00e9ussite d\u2019une lev\u00e9e de fonds de 30M\u20ac pour une soci\u00e9t\u00e9 de capital investissement ;<\/li><li>Am\u00e9liorer la qualit\u00e9 du service rendu \u00e0 ses clients gr\u00e2ce \u00e0 une gestion plus claire et plus efficace des contr\u00f4les et des recommandations ainsi que la mise \u00e0 disposition de module de premier niveau pour ses clients qui ajoute une plus-value \u00e0 leur offre de conseil.<\/li><\/ul><p>En adoptant Leo, Sofalliance a r\u00e9pondu \u00e0 son objectif de mieux servir ses clients tout en se diff\u00e9renciant des autres cabinets de conseil gr\u00e2ce \u00e0 une solution innovante et transparente.<\/p><h5><span style=\"color: #d92b51;\">L&rsquo; Onboarding<\/span><\/h5><h2>Un accompagnement sur-mesure<\/h2><p>D\u00e8s la signature, l\u2019accent a \u00e9t\u00e9 mis sur la revue des fiches pour adapter Leo aux besoins sp\u00e9cifiques de Sofalliance et de ses clients. L\u2019\u00e9quipe de Leo a accompagn\u00e9 Sofalliance dans l\u2019installation de l\u2019outil et a form\u00e9 les consultants \u00e0 son utilisation. Cette formation comprenait l\u2019\u00e9dition et la cr\u00e9ation de fiches adapt\u00e9es aux missions de leurs clients.<\/p><p>Pour le parcours KYC, nous avons travaill\u00e9 \u00e0 digitaliser et personnaliser les questionnaires selon les processus du fonds. Des tests approfondis ont \u00e9t\u00e9 r\u00e9alis\u00e9s avant de d\u00e9ployer la campagne et d\u2019envoyer les formulaires aux 60 investisseurs concern\u00e9s, ce qui a permis de lever les fonds avec succ\u00e8s.<\/p><p>Aujourd\u2019hui, gr\u00e2ce \u00e0 Leo, Sofalliance a r\u00e9ussi \u00e0 professionnaliser son offre, fluidifier ses processus, et offrir une transparence accrue \u00e0 ses clients, renfor\u00e7ant ainsi sa position dans le secteur du Capital Investissement.<\/p>\t\t\t\t\t\t\t\t<\/div>\n\t\t\t\t<\/div>\n\t\t\t\t\t<\/div>\n\t\t\t\t<\/div>\n\t\t\t\t<\/div>\n\t\t","protected":false},"excerpt":{"rendered":"<p>Sofalliance : Structurer les processus de conformit\u00e9 et am\u00e9liorer l\u2019exp\u00e9rience client \u00c0 propos de Sofalliance Sofalliance est une soci\u00e9t\u00e9 de conseil sp\u00e9cialis\u00e9e aupr\u00e8s des professionnels du Capital Investissement. Depuis plus de 30 ans, elle intervient en tant que conseil sur le march\u00e9 des activit\u00e9s r\u00e9glement\u00e9es, avec une expertise particuli\u00e8re dans les prestations de contr\u00f4le interne, [&hellip;]<\/p>\n","protected":false},"author":4,"featured_media":0,"parent":0,"menu_order":0,"comment_status":"closed","ping_status":"closed","template":"elementor_header_footer","meta":{"content-type":"","footnotes":""},"class_list":["post-8236","page","type-page","status-publish","hentry"],"yoast_head":"<!-- This site is optimized with the Yoast SEO plugin v27.3 - https:\/\/yoast.com\/product\/yoast-seo-wordpress\/ -->\n<title>L&#039;histoire \u00e0 succ\u00e8s de Sofalliance - Leo RegTech<\/title>\n<meta name=\"description\" content=\"Spectra recherchait une solution RegTech robuste pour moderniser ses op\u00e9rations et garantir une conformit\u00e9 continue.\" \/>\n<meta name=\"robots\" content=\"index, follow, max-snippet:-1, max-image-preview:large, max-video-preview:-1\" \/>\n<link rel=\"canonical\" href=\"https:\/\/leo.tech\/fr\/sofalliance-success-story\/\" \/>\n<meta property=\"og:locale\" content=\"fr_FR\" \/>\n<meta property=\"og:type\" content=\"article\" \/>\n<meta property=\"og:title\" content=\"L&#039;histoire \u00e0 succ\u00e8s de Sofalliance - Leo RegTech\" \/>\n<meta property=\"og:description\" content=\"Spectra recherchait une solution RegTech robuste pour moderniser ses op\u00e9rations et garantir une conformit\u00e9 continue.\" \/>\n<meta property=\"og:url\" content=\"https:\/\/leo.tech\/fr\/sofalliance-success-story\/\" \/>\n<meta property=\"og:site_name\" content=\"Leo RegTech\" \/>\n<meta property=\"article:modified_time\" content=\"2026-04-22T13:13:04+00:00\" \/>\n<meta name=\"twitter:card\" content=\"summary_large_image\" \/>\n<meta name=\"twitter:site\" content=\"@LeoTechSoftware\" \/>\n<meta name=\"twitter:label1\" content=\"Dur\u00e9e de lecture estim\u00e9e\" \/>\n\t<meta name=\"twitter:data1\" content=\"4 minutes\" \/>\n<script type=\"application\/ld+json\" class=\"yoast-schema-graph\">{\"@context\":\"https:\\\/\\\/schema.org\",\"@graph\":[{\"@type\":\"WebPage\",\"@id\":\"https:\\\/\\\/leo.tech\\\/fr\\\/sofalliance-success-story\\\/\",\"url\":\"https:\\\/\\\/leo.tech\\\/fr\\\/sofalliance-success-story\\\/\",\"name\":\"L'histoire \u00e0 succ\u00e8s de Sofalliance - Leo RegTech\",\"isPartOf\":{\"@id\":\"https:\\\/\\\/leo.tech\\\/fr\\\/#website\"},\"datePublished\":\"2024-12-09T17:23:23+00:00\",\"dateModified\":\"2026-04-22T13:13:04+00:00\",\"description\":\"Spectra recherchait une solution RegTech robuste pour moderniser ses op\u00e9rations et garantir une conformit\u00e9 continue.\",\"breadcrumb\":{\"@id\":\"https:\\\/\\\/leo.tech\\\/fr\\\/sofalliance-success-story\\\/#breadcrumb\"},\"inLanguage\":\"fr-FR\",\"potentialAction\":[{\"@type\":\"ReadAction\",\"target\":[\"https:\\\/\\\/leo.tech\\\/fr\\\/sofalliance-success-story\\\/\"]}]},{\"@type\":\"BreadcrumbList\",\"@id\":\"https:\\\/\\\/leo.tech\\\/fr\\\/sofalliance-success-story\\\/#breadcrumb\",\"itemListElement\":[{\"@type\":\"ListItem\",\"position\":1,\"name\":\"Home\",\"item\":\"https:\\\/\\\/leo.tech\\\/fr\\\/\"},{\"@type\":\"ListItem\",\"position\":2,\"name\":\"Sofalliance Success Story\"}]},{\"@type\":\"WebSite\",\"@id\":\"https:\\\/\\\/leo.tech\\\/fr\\\/#website\",\"url\":\"https:\\\/\\\/leo.tech\\\/fr\\\/\",\"name\":\"Leo RegTech\",\"description\":\"All-In-One Compliance Platform\",\"publisher\":{\"@id\":\"https:\\\/\\\/leo.tech\\\/fr\\\/#organization\"},\"potentialAction\":[{\"@type\":\"SearchAction\",\"target\":{\"@type\":\"EntryPoint\",\"urlTemplate\":\"https:\\\/\\\/leo.tech\\\/fr\\\/?s={search_term_string}\"},\"query-input\":{\"@type\":\"PropertyValueSpecification\",\"valueRequired\":true,\"valueName\":\"search_term_string\"}}],\"inLanguage\":\"fr-FR\"},{\"@type\":\"Organization\",\"@id\":\"https:\\\/\\\/leo.tech\\\/fr\\\/#organization\",\"name\":\"Leo\",\"url\":\"https:\\\/\\\/leo.tech\\\/fr\\\/\",\"logo\":{\"@type\":\"ImageObject\",\"inLanguage\":\"fr-FR\",\"@id\":\"https:\\\/\\\/leo.tech\\\/fr\\\/#\\\/schema\\\/logo\\\/image\\\/\",\"url\":\"https:\\\/\\\/leo.tech\\\/wp-content\\\/uploads\\\/2021\\\/12\\\/leo-logo.svg\",\"contentUrl\":\"https:\\\/\\\/leo.tech\\\/wp-content\\\/uploads\\\/2021\\\/12\\\/leo-logo.svg\",\"width\":115,\"height\":87,\"caption\":\"Leo\"},\"image\":{\"@id\":\"https:\\\/\\\/leo.tech\\\/fr\\\/#\\\/schema\\\/logo\\\/image\\\/\"},\"sameAs\":[\"https:\\\/\\\/x.com\\\/LeoTechSoftware\",\"https:\\\/\\\/www.linkedin.com\\\/company\\\/leo-tech-software\",\"https:\\\/\\\/www.youtube.com\\\/channel\\\/UCNJV5JWbgIjlG7zEub2w0-g\"]}]}<\/script>\n<!-- \/ Yoast SEO plugin. -->","yoast_head_json":{"title":"L'histoire \u00e0 succ\u00e8s de Sofalliance - Leo RegTech","description":"Spectra recherchait une solution RegTech robuste pour moderniser ses op\u00e9rations et garantir une conformit\u00e9 continue.","robots":{"index":"index","follow":"follow","max-snippet":"max-snippet:-1","max-image-preview":"max-image-preview:large","max-video-preview":"max-video-preview:-1"},"canonical":"https:\/\/leo.tech\/fr\/sofalliance-success-story\/","og_locale":"fr_FR","og_type":"article","og_title":"L'histoire \u00e0 succ\u00e8s de Sofalliance - Leo RegTech","og_description":"Spectra recherchait une solution RegTech robuste pour moderniser ses op\u00e9rations et garantir une conformit\u00e9 continue.","og_url":"https:\/\/leo.tech\/fr\/sofalliance-success-story\/","og_site_name":"Leo RegTech","article_modified_time":"2026-04-22T13:13:04+00:00","twitter_card":"summary_large_image","twitter_site":"@LeoTechSoftware","twitter_misc":{"Dur\u00e9e de lecture estim\u00e9e":"4 minutes"},"schema":{"@context":"https:\/\/schema.org","@graph":[{"@type":"WebPage","@id":"https:\/\/leo.tech\/fr\/sofalliance-success-story\/","url":"https:\/\/leo.tech\/fr\/sofalliance-success-story\/","name":"L'histoire \u00e0 succ\u00e8s de Sofalliance - Leo RegTech","isPartOf":{"@id":"https:\/\/leo.tech\/fr\/#website"},"datePublished":"2024-12-09T17:23:23+00:00","dateModified":"2026-04-22T13:13:04+00:00","description":"Spectra recherchait une solution RegTech robuste pour moderniser ses op\u00e9rations et garantir une conformit\u00e9 continue.","breadcrumb":{"@id":"https:\/\/leo.tech\/fr\/sofalliance-success-story\/#breadcrumb"},"inLanguage":"fr-FR","potentialAction":[{"@type":"ReadAction","target":["https:\/\/leo.tech\/fr\/sofalliance-success-story\/"]}]},{"@type":"BreadcrumbList","@id":"https:\/\/leo.tech\/fr\/sofalliance-success-story\/#breadcrumb","itemListElement":[{"@type":"ListItem","position":1,"name":"Home","item":"https:\/\/leo.tech\/fr\/"},{"@type":"ListItem","position":2,"name":"Sofalliance Success Story"}]},{"@type":"WebSite","@id":"https:\/\/leo.tech\/fr\/#website","url":"https:\/\/leo.tech\/fr\/","name":"Leo RegTech","description":"All-In-One Compliance Platform","publisher":{"@id":"https:\/\/leo.tech\/fr\/#organization"},"potentialAction":[{"@type":"SearchAction","target":{"@type":"EntryPoint","urlTemplate":"https:\/\/leo.tech\/fr\/?s={search_term_string}"},"query-input":{"@type":"PropertyValueSpecification","valueRequired":true,"valueName":"search_term_string"}}],"inLanguage":"fr-FR"},{"@type":"Organization","@id":"https:\/\/leo.tech\/fr\/#organization","name":"Leo","url":"https:\/\/leo.tech\/fr\/","logo":{"@type":"ImageObject","inLanguage":"fr-FR","@id":"https:\/\/leo.tech\/fr\/#\/schema\/logo\/image\/","url":"https:\/\/leo.tech\/wp-content\/uploads\/2021\/12\/leo-logo.svg","contentUrl":"https:\/\/leo.tech\/wp-content\/uploads\/2021\/12\/leo-logo.svg","width":115,"height":87,"caption":"Leo"},"image":{"@id":"https:\/\/leo.tech\/fr\/#\/schema\/logo\/image\/"},"sameAs":["https:\/\/x.com\/LeoTechSoftware","https:\/\/www.linkedin.com\/company\/leo-tech-software","https:\/\/www.youtube.com\/channel\/UCNJV5JWbgIjlG7zEub2w0-g"]}]}},"_links":{"self":[{"href":"https:\/\/leo.tech\/fr\/wp-json\/wp\/v2\/pages\/8236","targetHints":{"allow":["GET"]}}],"collection":[{"href":"https:\/\/leo.tech\/fr\/wp-json\/wp\/v2\/pages"}],"about":[{"href":"https:\/\/leo.tech\/fr\/wp-json\/wp\/v2\/types\/page"}],"author":[{"embeddable":true,"href":"https:\/\/leo.tech\/fr\/wp-json\/wp\/v2\/users\/4"}],"replies":[{"embeddable":true,"href":"https:\/\/leo.tech\/fr\/wp-json\/wp\/v2\/comments?post=8236"}],"version-history":[{"count":21,"href":"https:\/\/leo.tech\/fr\/wp-json\/wp\/v2\/pages\/8236\/revisions"}],"predecessor-version":[{"id":15167,"href":"https:\/\/leo.tech\/fr\/wp-json\/wp\/v2\/pages\/8236\/revisions\/15167"}],"wp:attachment":[{"href":"https:\/\/leo.tech\/fr\/wp-json\/wp\/v2\/media?parent=8236"}],"curies":[{"name":"wp","href":"https:\/\/api.w.org\/{rel}","templated":true}]}}