{"id":7892,"date":"2024-07-12T22:07:02","date_gmt":"2024-07-12T21:07:02","guid":{"rendered":"https:\/\/staging.leo.tech\/mentions-legales\/"},"modified":"2024-12-06T16:54:46","modified_gmt":"2024-12-06T16:54:46","slug":"mentions-legales","status":"publish","type":"page","link":"https:\/\/leo.tech\/fr\/mentions-legales\/","title":{"rendered":"Mentions L\u00e9gales"},"content":{"rendered":"\t\t<div data-elementor-type=\"wp-page\" data-elementor-id=\"7892\" class=\"elementor elementor-7892\" data-elementor-settings=\"{&quot;ha_cmc_init_switcher&quot;:&quot;no&quot;}\" data-elementor-post-type=\"page\">\n\t\t\t\t<div data-particle_enable=\"false\" data-particle-mobile-disabled=\"false\" class=\"elementor-element elementor-element-0e866bd e-flex e-con-boxed e-con e-parent\" data-id=\"0e866bd\" data-element_type=\"container\" data-e-type=\"container\" data-settings=\"{&quot;background_background&quot;:&quot;classic&quot;,&quot;shape_divider_bottom&quot;:&quot;curve&quot;,&quot;shape_divider_bottom_negative&quot;:&quot;yes&quot;,&quot;_ha_eqh_enable&quot;:false}\">\n\t\t\t\t\t<div class=\"e-con-inner\">\n\t\t\t\t<div class=\"elementor-shape elementor-shape-bottom\" aria-hidden=\"true\" data-negative=\"true\">\n\t\t\t<svg xmlns=\"http:\/\/www.w3.org\/2000\/svg\" viewBox=\"0 0 1000 100\" preserveAspectRatio=\"none\">\n\t<path class=\"elementor-shape-fill\" d=\"M500,97C126.7,96.3,0.8,19.8,0,0v100l1000,0V1C1000,19.4,873.3,97.8,500,97z\"\/>\n<\/svg>\t\t<\/div>\n\t\t\t\t\t<\/div>\n\t\t\t\t<\/div>\n\t\t<div data-particle_enable=\"false\" data-particle-mobile-disabled=\"false\" class=\"elementor-element elementor-element-6f493fd e-flex e-con-boxed e-con e-parent\" data-id=\"6f493fd\" data-element_type=\"container\" data-e-type=\"container\" data-settings=\"{&quot;background_background&quot;:&quot;classic&quot;,&quot;_ha_eqh_enable&quot;:false}\">\n\t\t\t\t\t<div class=\"e-con-inner\">\n\t\t\t\t<div class=\"elementor-element elementor-element-40bb997 privacy-notes elementor-widget elementor-widget-text-editor\" data-id=\"40bb997\" data-element_type=\"widget\" data-e-type=\"widget\" data-widget_type=\"text-editor.default\">\n\t\t\t\t<div class=\"elementor-widget-container\">\n\t\t\t\t\t\t\t\t\t<h3>\u00c9diteur du site<\/h3>\n<p>Le site https:\/\/leo.tech\/ dans sa version fran\u00e7aise est \u00e9dit\u00e9 par la soci\u00e9t\u00e9 Leo Reg Tech Limited.<\/p>\n<p>Adresse de contact : 128 rue de la Bo\u00e9tie, 75008 Paris, France.<\/p>\n<p>Adresse mail : info@leo.tech<\/p>\n<p>T\u00e9l\u00e9phone : +33 6 22 29 41 75<\/p>\n<p>Num\u00e9ro d&rsquo;immatriculation : RCS 897 883 997<\/p>\n<p>Capital social : 1,000 \u20ac<br><br><\/p>\n<h3>Directeur de la publication<\/h3>\n<p>Mme Iga Sloan est responsable de la publication du site.<br><br><\/p>\n<h3>Conception et r\u00e9alisation du site<\/h3>\n<p>Le site a \u00e9t\u00e9 con\u00e7u et r\u00e9alis\u00e9 par la soci\u00e9t\u00e9 Midas Collective Limited ayant pour nom commercial \u00ab Collective London \u00bb et ayant son adresse principale \u00e0 The Market Building, 72-82 Rosebery Avenue, London, EC1R 4RW.<br><br><\/p>\n<h3>H\u00e9bergeur<\/h3>\n<p>Le site est h\u00e9berg\u00e9 par la soci\u00e9t\u00e9 NameCheap Inc. (https:\/\/www.namecheap.com\/) laquelle est enregistr\u00e9e \u00e0 l\u2019adresse suivante : 4600 East Washington Street, Suite 305, Phoenix, AZ 85034, USA.<\/p>\t\t\t\t\t\t\t\t<\/div>\n\t\t\t\t<\/div>\n\t\t\t\t\t<\/div>\n\t\t\t\t<\/div>\n\t\t\t\t<\/div>\n\t\t","protected":false},"excerpt":{"rendered":"<p>\u00c9diteur du site Le site https:\/\/leo.tech\/ dans sa version fran\u00e7aise est \u00e9dit\u00e9 par la soci\u00e9t\u00e9 Leo Reg Tech Limited. Adresse de contact : 128 rue de la Bo\u00e9tie, 75008 Paris, France. Adresse mail : info@leo.tech T\u00e9l\u00e9phone : +33 6 22 29 41 75 Num\u00e9ro d&rsquo;immatriculation : RCS 897 883 997 Capital social : 1,000 \u20ac [&hellip;]<\/p>\n","protected":false},"author":9,"featured_media":0,"parent":0,"menu_order":0,"comment_status":"closed","ping_status":"closed","template":"elementor_header_footer","meta":{"content-type":"","footnotes":""},"class_list":["post-7892","page","type-page","status-publish","hentry"],"yoast_head":"<!-- This site is optimized with the Yoast SEO plugin v27.3 - https:\/\/yoast.com\/product\/yoast-seo-wordpress\/ -->\n<title>Mentions L\u00e9gales - Leo RegTech<\/title>\n<meta name=\"robots\" content=\"index, follow, max-snippet:-1, max-image-preview:large, max-video-preview:-1\" \/>\n<link rel=\"canonical\" href=\"https:\/\/leo.tech\/fr\/mentions-legales\/\" \/>\n<meta property=\"og:locale\" content=\"fr_FR\" \/>\n<meta property=\"og:type\" content=\"article\" \/>\n<meta property=\"og:title\" content=\"Mentions L\u00e9gales - Leo RegTech\" \/>\n<meta property=\"og:description\" content=\"\u00c9diteur du site Le site https:\/\/leo.tech\/ dans sa version fran\u00e7aise est \u00e9dit\u00e9 par la soci\u00e9t\u00e9 Leo Reg Tech Limited. Adresse de contact : 128 rue de la Bo\u00e9tie, 75008 Paris, France. Adresse mail : info@leo.tech T\u00e9l\u00e9phone : +33 6 22 29 41 75 Num\u00e9ro d&rsquo;immatriculation : RCS 897 883 997 Capital social : 1,000 \u20ac [&hellip;]\" \/>\n<meta property=\"og:url\" content=\"https:\/\/leo.tech\/fr\/mentions-legales\/\" \/>\n<meta property=\"og:site_name\" content=\"Leo RegTech\" \/>\n<meta property=\"article:modified_time\" content=\"2024-12-06T16:54:46+00:00\" \/>\n<meta name=\"twitter:card\" content=\"summary_large_image\" \/>\n<meta name=\"twitter:site\" content=\"@LeoTechSoftware\" \/>\n<meta name=\"twitter:label1\" content=\"Dur\u00e9e de lecture estim\u00e9e\" \/>\n\t<meta name=\"twitter:data1\" content=\"1 minute\" \/>\n<script type=\"application\/ld+json\" class=\"yoast-schema-graph\">{\"@context\":\"https:\\\/\\\/schema.org\",\"@graph\":[{\"@type\":\"WebPage\",\"@id\":\"https:\\\/\\\/leo.tech\\\/fr\\\/mentions-legales\\\/\",\"url\":\"https:\\\/\\\/leo.tech\\\/fr\\\/mentions-legales\\\/\",\"name\":\"Mentions L\u00e9gales - Leo RegTech\",\"isPartOf\":{\"@id\":\"https:\\\/\\\/leo.tech\\\/fr\\\/#website\"},\"datePublished\":\"2024-07-12T21:07:02+00:00\",\"dateModified\":\"2024-12-06T16:54:46+00:00\",\"breadcrumb\":{\"@id\":\"https:\\\/\\\/leo.tech\\\/fr\\\/mentions-legales\\\/#breadcrumb\"},\"inLanguage\":\"fr-FR\",\"potentialAction\":[{\"@type\":\"ReadAction\",\"target\":[\"https:\\\/\\\/leo.tech\\\/fr\\\/mentions-legales\\\/\"]}]},{\"@type\":\"BreadcrumbList\",\"@id\":\"https:\\\/\\\/leo.tech\\\/fr\\\/mentions-legales\\\/#breadcrumb\",\"itemListElement\":[{\"@type\":\"ListItem\",\"position\":1,\"name\":\"Home\",\"item\":\"https:\\\/\\\/leo.tech\\\/fr\\\/\"},{\"@type\":\"ListItem\",\"position\":2,\"name\":\"Mentions L\u00e9gales\"}]},{\"@type\":\"WebSite\",\"@id\":\"https:\\\/\\\/leo.tech\\\/fr\\\/#website\",\"url\":\"https:\\\/\\\/leo.tech\\\/fr\\\/\",\"name\":\"Leo RegTech\",\"description\":\"All-In-One Compliance Platform\",\"publisher\":{\"@id\":\"https:\\\/\\\/leo.tech\\\/fr\\\/#organization\"},\"potentialAction\":[{\"@type\":\"SearchAction\",\"target\":{\"@type\":\"EntryPoint\",\"urlTemplate\":\"https:\\\/\\\/leo.tech\\\/fr\\\/?s={search_term_string}\"},\"query-input\":{\"@type\":\"PropertyValueSpecification\",\"valueRequired\":true,\"valueName\":\"search_term_string\"}}],\"inLanguage\":\"fr-FR\"},{\"@type\":\"Organization\",\"@id\":\"https:\\\/\\\/leo.tech\\\/fr\\\/#organization\",\"name\":\"Leo\",\"url\":\"https:\\\/\\\/leo.tech\\\/fr\\\/\",\"logo\":{\"@type\":\"ImageObject\",\"inLanguage\":\"fr-FR\",\"@id\":\"https:\\\/\\\/leo.tech\\\/fr\\\/#\\\/schema\\\/logo\\\/image\\\/\",\"url\":\"https:\\\/\\\/leo.tech\\\/wp-content\\\/uploads\\\/2021\\\/12\\\/leo-logo.svg\",\"contentUrl\":\"https:\\\/\\\/leo.tech\\\/wp-content\\\/uploads\\\/2021\\\/12\\\/leo-logo.svg\",\"width\":115,\"height\":87,\"caption\":\"Leo\"},\"image\":{\"@id\":\"https:\\\/\\\/leo.tech\\\/fr\\\/#\\\/schema\\\/logo\\\/image\\\/\"},\"sameAs\":[\"https:\\\/\\\/x.com\\\/LeoTechSoftware\",\"https:\\\/\\\/www.linkedin.com\\\/company\\\/leo-tech-software\",\"https:\\\/\\\/www.youtube.com\\\/channel\\\/UCNJV5JWbgIjlG7zEub2w0-g\"]}]}<\/script>\n<!-- \/ Yoast SEO plugin. -->","yoast_head_json":{"title":"Mentions L\u00e9gales - Leo RegTech","robots":{"index":"index","follow":"follow","max-snippet":"max-snippet:-1","max-image-preview":"max-image-preview:large","max-video-preview":"max-video-preview:-1"},"canonical":"https:\/\/leo.tech\/fr\/mentions-legales\/","og_locale":"fr_FR","og_type":"article","og_title":"Mentions L\u00e9gales - Leo RegTech","og_description":"\u00c9diteur du site Le site https:\/\/leo.tech\/ dans sa version fran\u00e7aise est \u00e9dit\u00e9 par la soci\u00e9t\u00e9 Leo Reg Tech Limited. Adresse de contact : 128 rue de la Bo\u00e9tie, 75008 Paris, France. Adresse mail : info@leo.tech T\u00e9l\u00e9phone : +33 6 22 29 41 75 Num\u00e9ro d&rsquo;immatriculation : RCS 897 883 997 Capital social : 1,000 \u20ac [&hellip;]","og_url":"https:\/\/leo.tech\/fr\/mentions-legales\/","og_site_name":"Leo RegTech","article_modified_time":"2024-12-06T16:54:46+00:00","twitter_card":"summary_large_image","twitter_site":"@LeoTechSoftware","twitter_misc":{"Dur\u00e9e de lecture estim\u00e9e":"1 minute"},"schema":{"@context":"https:\/\/schema.org","@graph":[{"@type":"WebPage","@id":"https:\/\/leo.tech\/fr\/mentions-legales\/","url":"https:\/\/leo.tech\/fr\/mentions-legales\/","name":"Mentions L\u00e9gales - Leo RegTech","isPartOf":{"@id":"https:\/\/leo.tech\/fr\/#website"},"datePublished":"2024-07-12T21:07:02+00:00","dateModified":"2024-12-06T16:54:46+00:00","breadcrumb":{"@id":"https:\/\/leo.tech\/fr\/mentions-legales\/#breadcrumb"},"inLanguage":"fr-FR","potentialAction":[{"@type":"ReadAction","target":["https:\/\/leo.tech\/fr\/mentions-legales\/"]}]},{"@type":"BreadcrumbList","@id":"https:\/\/leo.tech\/fr\/mentions-legales\/#breadcrumb","itemListElement":[{"@type":"ListItem","position":1,"name":"Home","item":"https:\/\/leo.tech\/fr\/"},{"@type":"ListItem","position":2,"name":"Mentions L\u00e9gales"}]},{"@type":"WebSite","@id":"https:\/\/leo.tech\/fr\/#website","url":"https:\/\/leo.tech\/fr\/","name":"Leo RegTech","description":"All-In-One Compliance Platform","publisher":{"@id":"https:\/\/leo.tech\/fr\/#organization"},"potentialAction":[{"@type":"SearchAction","target":{"@type":"EntryPoint","urlTemplate":"https:\/\/leo.tech\/fr\/?s={search_term_string}"},"query-input":{"@type":"PropertyValueSpecification","valueRequired":true,"valueName":"search_term_string"}}],"inLanguage":"fr-FR"},{"@type":"Organization","@id":"https:\/\/leo.tech\/fr\/#organization","name":"Leo","url":"https:\/\/leo.tech\/fr\/","logo":{"@type":"ImageObject","inLanguage":"fr-FR","@id":"https:\/\/leo.tech\/fr\/#\/schema\/logo\/image\/","url":"https:\/\/leo.tech\/wp-content\/uploads\/2021\/12\/leo-logo.svg","contentUrl":"https:\/\/leo.tech\/wp-content\/uploads\/2021\/12\/leo-logo.svg","width":115,"height":87,"caption":"Leo"},"image":{"@id":"https:\/\/leo.tech\/fr\/#\/schema\/logo\/image\/"},"sameAs":["https:\/\/x.com\/LeoTechSoftware","https:\/\/www.linkedin.com\/company\/leo-tech-software","https:\/\/www.youtube.com\/channel\/UCNJV5JWbgIjlG7zEub2w0-g"]}]}},"_links":{"self":[{"href":"https:\/\/leo.tech\/fr\/wp-json\/wp\/v2\/pages\/7892","targetHints":{"allow":["GET"]}}],"collection":[{"href":"https:\/\/leo.tech\/fr\/wp-json\/wp\/v2\/pages"}],"about":[{"href":"https:\/\/leo.tech\/fr\/wp-json\/wp\/v2\/types\/page"}],"author":[{"embeddable":true,"href":"https:\/\/leo.tech\/fr\/wp-json\/wp\/v2\/users\/9"}],"replies":[{"embeddable":true,"href":"https:\/\/leo.tech\/fr\/wp-json\/wp\/v2\/comments?post=7892"}],"version-history":[{"count":1,"href":"https:\/\/leo.tech\/fr\/wp-json\/wp\/v2\/pages\/7892\/revisions"}],"predecessor-version":[{"id":7893,"href":"https:\/\/leo.tech\/fr\/wp-json\/wp\/v2\/pages\/7892\/revisions\/7893"}],"wp:attachment":[{"href":"https:\/\/leo.tech\/fr\/wp-json\/wp\/v2\/media?parent=7892"}],"curies":[{"name":"wp","href":"https:\/\/api.w.org\/{rel}","templated":true}]}}