{"id":14170,"date":"2025-09-26T17:52:27","date_gmt":"2025-09-26T16:52:27","guid":{"rendered":"https:\/\/leo.tech\/?page_id=14170"},"modified":"2025-11-13T15:05:11","modified_gmt":"2025-11-13T15:05:11","slug":"demander-une-demo-fr","status":"publish","type":"page","link":"https:\/\/leo.tech\/fr\/demander-une-demo-fr\/","title":{"rendered":"Demander une d\u00e9mo OK"},"content":{"rendered":"\t\t<div data-elementor-type=\"wp-page\" data-elementor-id=\"14170\" class=\"elementor elementor-14170\" data-elementor-settings=\"{&quot;ha_cmc_init_switcher&quot;:&quot;no&quot;}\" data-elementor-post-type=\"page\">\n\t\t\t\t<div data-particle_enable=\"false\" data-particle-mobile-disabled=\"false\" class=\"elementor-element elementor-element-e3c6b3c e-flex e-con-boxed e-con e-parent\" data-id=\"e3c6b3c\" data-element_type=\"container\" data-e-type=\"container\" data-settings=\"{&quot;background_background&quot;:&quot;classic&quot;,&quot;_ha_eqh_enable&quot;:false}\">\n\t\t\t\t\t<div class=\"e-con-inner\">\n\t\t<div data-particle_enable=\"false\" data-particle-mobile-disabled=\"false\" class=\"elementor-element elementor-element-42cf650 e-con-full animated-fast e-flex elementor-invisible e-con e-child\" data-id=\"42cf650\" data-element_type=\"container\" data-e-type=\"container\" data-settings=\"{&quot;animation&quot;:&quot;fadeInUp&quot;,&quot;animation_delay&quot;:400,&quot;_ha_eqh_enable&quot;:false}\">\n\t\t\t\t<div class=\"elementor-element elementor-element-1a42105 elementor-widget elementor-widget-heading\" data-id=\"1a42105\" data-element_type=\"widget\" data-e-type=\"widget\" data-settings=\"{&quot;_animation&quot;:&quot;none&quot;,&quot;_animation_delay&quot;:100}\" data-widget_type=\"heading.default\">\n\t\t\t\t<div class=\"elementor-widget-container\">\n\t\t\t\t\t<h1 class=\"elementor-heading-title elementor-size-default\"><span style=\"color:#D92B51;font-weight:600\">Demander une d\u00e9mo<\/span><\/h1>\t\t\t\t<\/div>\n\t\t\t\t<\/div>\n\t\t\t\t<div class=\"elementor-element elementor-element-51ffebd elementor-widget elementor-widget-text-editor\" data-id=\"51ffebd\" data-element_type=\"widget\" data-e-type=\"widget\" data-settings=\"{&quot;_animation&quot;:&quot;none&quot;,&quot;_animation_delay&quot;:400}\" data-widget_type=\"text-editor.default\">\n\t\t\t\t<div class=\"elementor-widget-container\">\n\t\t\t\t\t\t\t\t\t<p>Leo est la solution tout-en-un pour relever les d\u00e9fis de la conformit\u00e9 et \u00e9liminer les t\u00e2ches r\u00e9p\u00e9titives qui prennent du temps. Il aide \u00e0 la fois les employ\u00e9s et la direction. <\/p><p>R\u00e9servez une d\u00e9monstration d\u00e8s aujourd&rsquo;hui pour d\u00e9couvrir comment Leo simplifie la conformit\u00e9 et ajoute de la valeur \u00e0 votre organisation.<\/p>\t\t\t\t\t\t\t\t<\/div>\n\t\t\t\t<\/div>\n\t\t\t\t<\/div>\n\t\t<div data-particle_enable=\"false\" data-particle-mobile-disabled=\"false\" class=\"elementor-element elementor-element-158f6ab e-con-full e-flex e-con e-child\" data-id=\"158f6ab\" data-element_type=\"container\" data-e-type=\"container\" data-settings=\"{&quot;_ha_eqh_enable&quot;:false}\">\n\t\t\t\t<div class=\"elementor-element elementor-element-3330222 elementor-widget elementor-widget-hubspot-meeting\" data-id=\"3330222\" data-element_type=\"widget\" data-e-type=\"widget\" data-widget_type=\"hubspot-meeting.default\">\n\t\t\t\t<div class=\"elementor-widget-container\">\n\t\t\t\t\t\n\t\t<div class=\"meetings-iframe-container\" data-src=\"https:\/\/meetings-eu1.hubspot.com\/vincent-novau\/demo-de-leo-regtech-avec-manon-et-vincent-v2?embed=true\"><\/div>\n\t\t<script>\n\t\t\tif(window.hbspt && window.hbspt.meetings){\n\t\t\t\twindow.hbspt.meetings.create(\".meetings-iframe-container\");\n\t\t\t}\n\t\t\t<\/script>\n\t\t\t\t\t\t<\/div>\n\t\t\t\t<\/div>\n\t\t\t\t<\/div>\n\t\t\t\t\t<\/div>\n\t\t\t\t<\/div>\n\t\t\t\t<\/div>\n\t\t","protected":false},"excerpt":{"rendered":"<p>Demander une d\u00e9mo Leo est la solution tout-en-un pour relever les d\u00e9fis de la conformit\u00e9 et \u00e9liminer les t\u00e2ches r\u00e9p\u00e9titives qui prennent du temps. Il aide \u00e0 la fois les employ\u00e9s et la direction. R\u00e9servez une d\u00e9monstration d\u00e8s aujourd&rsquo;hui pour d\u00e9couvrir comment Leo simplifie la conformit\u00e9 et ajoute de la valeur \u00e0 votre organisation.<\/p>\n","protected":false},"author":4,"featured_media":0,"parent":0,"menu_order":0,"comment_status":"closed","ping_status":"closed","template":"elementor_header_footer","meta":{"content-type":"","footnotes":""},"class_list":["post-14170","page","type-page","status-publish","hentry"],"yoast_head":"<!-- This site is optimized with the Yoast SEO plugin v27.3 - https:\/\/yoast.com\/product\/yoast-seo-wordpress\/ -->\n<title>Demander une d\u00e9mo OK - Leo RegTech<\/title>\n<meta name=\"robots\" content=\"index, follow, max-snippet:-1, max-image-preview:large, max-video-preview:-1\" \/>\n<link rel=\"canonical\" href=\"https:\/\/leo.tech\/fr\/demander-une-demo-fr\/\" \/>\n<meta property=\"og:locale\" content=\"fr_FR\" \/>\n<meta property=\"og:type\" content=\"article\" \/>\n<meta property=\"og:title\" content=\"Demander une d\u00e9mo OK - Leo RegTech\" \/>\n<meta property=\"og:description\" content=\"Demander une d\u00e9mo Leo est la solution tout-en-un pour relever les d\u00e9fis de la conformit\u00e9 et \u00e9liminer les t\u00e2ches r\u00e9p\u00e9titives qui prennent du temps. Il aide \u00e0 la fois les employ\u00e9s et la direction. R\u00e9servez une d\u00e9monstration d\u00e8s aujourd&rsquo;hui pour d\u00e9couvrir comment Leo simplifie la conformit\u00e9 et ajoute de la valeur \u00e0 votre organisation.\" \/>\n<meta property=\"og:url\" content=\"https:\/\/leo.tech\/fr\/demander-une-demo-fr\/\" \/>\n<meta property=\"og:site_name\" content=\"Leo RegTech\" \/>\n<meta property=\"article:modified_time\" content=\"2025-11-13T15:05:11+00:00\" \/>\n<meta name=\"twitter:card\" content=\"summary_large_image\" \/>\n<meta name=\"twitter:site\" content=\"@LeoTechSoftware\" \/>\n<meta name=\"twitter:label1\" content=\"Dur\u00e9e de lecture estim\u00e9e\" \/>\n\t<meta name=\"twitter:data1\" content=\"1 minute\" \/>\n<script type=\"application\/ld+json\" class=\"yoast-schema-graph\">{\"@context\":\"https:\\\/\\\/schema.org\",\"@graph\":[{\"@type\":\"WebPage\",\"@id\":\"https:\\\/\\\/leo.tech\\\/fr\\\/demander-une-demo-fr\\\/\",\"url\":\"https:\\\/\\\/leo.tech\\\/fr\\\/demander-une-demo-fr\\\/\",\"name\":\"Demander une d\u00e9mo OK - Leo RegTech\",\"isPartOf\":{\"@id\":\"https:\\\/\\\/leo.tech\\\/fr\\\/#website\"},\"datePublished\":\"2025-09-26T16:52:27+00:00\",\"dateModified\":\"2025-11-13T15:05:11+00:00\",\"breadcrumb\":{\"@id\":\"https:\\\/\\\/leo.tech\\\/fr\\\/demander-une-demo-fr\\\/#breadcrumb\"},\"inLanguage\":\"fr-FR\",\"potentialAction\":[{\"@type\":\"ReadAction\",\"target\":[\"https:\\\/\\\/leo.tech\\\/fr\\\/demander-une-demo-fr\\\/\"]}]},{\"@type\":\"BreadcrumbList\",\"@id\":\"https:\\\/\\\/leo.tech\\\/fr\\\/demander-une-demo-fr\\\/#breadcrumb\",\"itemListElement\":[{\"@type\":\"ListItem\",\"position\":1,\"name\":\"Home\",\"item\":\"https:\\\/\\\/leo.tech\\\/fr\\\/\"},{\"@type\":\"ListItem\",\"position\":2,\"name\":\"Demander une d\u00e9mo OK\"}]},{\"@type\":\"WebSite\",\"@id\":\"https:\\\/\\\/leo.tech\\\/fr\\\/#website\",\"url\":\"https:\\\/\\\/leo.tech\\\/fr\\\/\",\"name\":\"Leo RegTech\",\"description\":\"All-In-One Compliance Platform\",\"publisher\":{\"@id\":\"https:\\\/\\\/leo.tech\\\/fr\\\/#organization\"},\"potentialAction\":[{\"@type\":\"SearchAction\",\"target\":{\"@type\":\"EntryPoint\",\"urlTemplate\":\"https:\\\/\\\/leo.tech\\\/fr\\\/?s={search_term_string}\"},\"query-input\":{\"@type\":\"PropertyValueSpecification\",\"valueRequired\":true,\"valueName\":\"search_term_string\"}}],\"inLanguage\":\"fr-FR\"},{\"@type\":\"Organization\",\"@id\":\"https:\\\/\\\/leo.tech\\\/fr\\\/#organization\",\"name\":\"Leo\",\"url\":\"https:\\\/\\\/leo.tech\\\/fr\\\/\",\"logo\":{\"@type\":\"ImageObject\",\"inLanguage\":\"fr-FR\",\"@id\":\"https:\\\/\\\/leo.tech\\\/fr\\\/#\\\/schema\\\/logo\\\/image\\\/\",\"url\":\"http:\\\/\\\/leo.tech\\\/wp-content\\\/uploads\\\/2021\\\/12\\\/leo-logo.svg\",\"contentUrl\":\"http:\\\/\\\/leo.tech\\\/wp-content\\\/uploads\\\/2021\\\/12\\\/leo-logo.svg\",\"width\":115,\"height\":87,\"caption\":\"Leo\"},\"image\":{\"@id\":\"https:\\\/\\\/leo.tech\\\/fr\\\/#\\\/schema\\\/logo\\\/image\\\/\"},\"sameAs\":[\"https:\\\/\\\/x.com\\\/LeoTechSoftware\",\"https:\\\/\\\/www.linkedin.com\\\/company\\\/leo-tech-software\",\"https:\\\/\\\/www.youtube.com\\\/channel\\\/UCNJV5JWbgIjlG7zEub2w0-g\"]}]}<\/script>\n<!-- \/ Yoast SEO plugin. -->","yoast_head_json":{"title":"Demander une d\u00e9mo OK - Leo RegTech","robots":{"index":"index","follow":"follow","max-snippet":"max-snippet:-1","max-image-preview":"max-image-preview:large","max-video-preview":"max-video-preview:-1"},"canonical":"https:\/\/leo.tech\/fr\/demander-une-demo-fr\/","og_locale":"fr_FR","og_type":"article","og_title":"Demander une d\u00e9mo OK - Leo RegTech","og_description":"Demander une d\u00e9mo Leo est la solution tout-en-un pour relever les d\u00e9fis de la conformit\u00e9 et \u00e9liminer les t\u00e2ches r\u00e9p\u00e9titives qui prennent du temps. Il aide \u00e0 la fois les employ\u00e9s et la direction. R\u00e9servez une d\u00e9monstration d\u00e8s aujourd&rsquo;hui pour d\u00e9couvrir comment Leo simplifie la conformit\u00e9 et ajoute de la valeur \u00e0 votre organisation.","og_url":"https:\/\/leo.tech\/fr\/demander-une-demo-fr\/","og_site_name":"Leo RegTech","article_modified_time":"2025-11-13T15:05:11+00:00","twitter_card":"summary_large_image","twitter_site":"@LeoTechSoftware","twitter_misc":{"Dur\u00e9e de lecture estim\u00e9e":"1 minute"},"schema":{"@context":"https:\/\/schema.org","@graph":[{"@type":"WebPage","@id":"https:\/\/leo.tech\/fr\/demander-une-demo-fr\/","url":"https:\/\/leo.tech\/fr\/demander-une-demo-fr\/","name":"Demander une d\u00e9mo OK - Leo RegTech","isPartOf":{"@id":"https:\/\/leo.tech\/fr\/#website"},"datePublished":"2025-09-26T16:52:27+00:00","dateModified":"2025-11-13T15:05:11+00:00","breadcrumb":{"@id":"https:\/\/leo.tech\/fr\/demander-une-demo-fr\/#breadcrumb"},"inLanguage":"fr-FR","potentialAction":[{"@type":"ReadAction","target":["https:\/\/leo.tech\/fr\/demander-une-demo-fr\/"]}]},{"@type":"BreadcrumbList","@id":"https:\/\/leo.tech\/fr\/demander-une-demo-fr\/#breadcrumb","itemListElement":[{"@type":"ListItem","position":1,"name":"Home","item":"https:\/\/leo.tech\/fr\/"},{"@type":"ListItem","position":2,"name":"Demander une d\u00e9mo OK"}]},{"@type":"WebSite","@id":"https:\/\/leo.tech\/fr\/#website","url":"https:\/\/leo.tech\/fr\/","name":"Leo RegTech","description":"All-In-One Compliance Platform","publisher":{"@id":"https:\/\/leo.tech\/fr\/#organization"},"potentialAction":[{"@type":"SearchAction","target":{"@type":"EntryPoint","urlTemplate":"https:\/\/leo.tech\/fr\/?s={search_term_string}"},"query-input":{"@type":"PropertyValueSpecification","valueRequired":true,"valueName":"search_term_string"}}],"inLanguage":"fr-FR"},{"@type":"Organization","@id":"https:\/\/leo.tech\/fr\/#organization","name":"Leo","url":"https:\/\/leo.tech\/fr\/","logo":{"@type":"ImageObject","inLanguage":"fr-FR","@id":"https:\/\/leo.tech\/fr\/#\/schema\/logo\/image\/","url":"http:\/\/leo.tech\/wp-content\/uploads\/2021\/12\/leo-logo.svg","contentUrl":"http:\/\/leo.tech\/wp-content\/uploads\/2021\/12\/leo-logo.svg","width":115,"height":87,"caption":"Leo"},"image":{"@id":"https:\/\/leo.tech\/fr\/#\/schema\/logo\/image\/"},"sameAs":["https:\/\/x.com\/LeoTechSoftware","https:\/\/www.linkedin.com\/company\/leo-tech-software","https:\/\/www.youtube.com\/channel\/UCNJV5JWbgIjlG7zEub2w0-g"]}]}},"_links":{"self":[{"href":"https:\/\/leo.tech\/fr\/wp-json\/wp\/v2\/pages\/14170","targetHints":{"allow":["GET"]}}],"collection":[{"href":"https:\/\/leo.tech\/fr\/wp-json\/wp\/v2\/pages"}],"about":[{"href":"https:\/\/leo.tech\/fr\/wp-json\/wp\/v2\/types\/page"}],"author":[{"embeddable":true,"href":"https:\/\/leo.tech\/fr\/wp-json\/wp\/v2\/users\/4"}],"replies":[{"embeddable":true,"href":"https:\/\/leo.tech\/fr\/wp-json\/wp\/v2\/comments?post=14170"}],"version-history":[{"count":4,"href":"https:\/\/leo.tech\/fr\/wp-json\/wp\/v2\/pages\/14170\/revisions"}],"predecessor-version":[{"id":14175,"href":"https:\/\/leo.tech\/fr\/wp-json\/wp\/v2\/pages\/14170\/revisions\/14175"}],"wp:attachment":[{"href":"https:\/\/leo.tech\/fr\/wp-json\/wp\/v2\/media?parent=14170"}],"curies":[{"name":"wp","href":"https:\/\/api.w.org\/{rel}","templated":true}]}}