{"id":13964,"date":"2025-07-24T15:54:19","date_gmt":"2025-07-24T14:54:19","guid":{"rendered":"https:\/\/leo.tech\/?page_id=13964"},"modified":"2026-04-22T14:13:33","modified_gmt":"2026-04-22T13:13:33","slug":"red-tree-success-story","status":"publish","type":"page","link":"https:\/\/leo.tech\/fr\/red-tree-success-story\/","title":{"rendered":"Red Tree Success Story"},"content":{"rendered":"\t\t<div data-elementor-type=\"wp-page\" data-elementor-id=\"13964\" class=\"elementor elementor-13964\" data-elementor-settings=\"{&quot;ha_cmc_init_switcher&quot;:&quot;no&quot;}\" data-elementor-post-type=\"page\">\n\t\t\t\t<div data-particle_enable=\"false\" data-particle-mobile-disabled=\"false\" class=\"elementor-element elementor-element-0e866bd e-flex e-con-boxed e-con e-parent\" data-id=\"0e866bd\" data-element_type=\"container\" data-e-type=\"container\" data-settings=\"{&quot;background_background&quot;:&quot;classic&quot;,&quot;shape_divider_bottom&quot;:&quot;curve&quot;,&quot;shape_divider_bottom_negative&quot;:&quot;yes&quot;,&quot;_ha_eqh_enable&quot;:false}\">\n\t\t\t\t\t<div class=\"e-con-inner\">\n\t\t\t\t<div class=\"elementor-shape elementor-shape-bottom\" aria-hidden=\"true\" data-negative=\"true\">\n\t\t\t<svg xmlns=\"http:\/\/www.w3.org\/2000\/svg\" viewBox=\"0 0 1000 100\" preserveAspectRatio=\"none\">\n\t<path class=\"elementor-shape-fill\" d=\"M500,97C126.7,96.3,0.8,19.8,0,0v100l1000,0V1C1000,19.4,873.3,97.8,500,97z\"\/>\n<\/svg>\t\t<\/div>\n\t\t\t\t<div class=\"elementor-element elementor-element-2567170 elementor-widget elementor-widget-heading\" data-id=\"2567170\" data-element_type=\"widget\" data-e-type=\"widget\" data-widget_type=\"heading.default\">\n\t\t\t\t<div class=\"elementor-widget-container\">\n\t\t\t\t\t<h1 class=\"elementor-heading-title elementor-size-default\">La Transformation de RedTree : De la Papier \u00e0 la Performance<\/h1>\t\t\t\t<\/div>\n\t\t\t\t<\/div>\n\t\t\t\t\t<\/div>\n\t\t\t\t<\/div>\n\t\t<div data-particle_enable=\"false\" data-particle-mobile-disabled=\"false\" class=\"elementor-element elementor-element-6f493fd e-flex e-con-boxed e-con e-parent\" data-id=\"6f493fd\" data-element_type=\"container\" data-e-type=\"container\" data-settings=\"{&quot;background_background&quot;:&quot;classic&quot;,&quot;_ha_eqh_enable&quot;:false}\">\n\t\t\t\t\t<div class=\"e-con-inner\">\n\t\t\t\t<div class=\"elementor-element elementor-element-40bb997 elementor-widget elementor-widget-text-editor\" data-id=\"40bb997\" data-element_type=\"widget\" data-e-type=\"widget\" data-widget_type=\"text-editor.default\">\n\t\t\t\t<div class=\"elementor-widget-container\">\n\t\t\t\t\t\t\t\t\t<h2><strong>\u00c0 propos de RedTree Capital<\/strong><\/h2><p>Redtree Capital est une soci\u00e9t\u00e9 de gestion ind\u00e9pendante agr\u00e9\u00e9e par l\u2019AMF, sp\u00e9cialis\u00e9e dans l\u2019immobilier Value-Add en Europe. Avec une approche entrepreneuriale affirm\u00e9e et une expertise reconnue, Redtree Capital est un acteur de premier plan sur le march\u00e9 de l\u2019investissement immobilier.<\/p><p>Quelques chiffres cl\u00e9s :<\/p><ul><li><strong>10+ ans<\/strong> d&rsquo;exp\u00e9rience dans la strat\u00e9gie immobili\u00e8re Value-Add, d\u00e9ploy\u00e9e sur quatre typologies d\u2019actifs : tertiaire, r\u00e9sidentiel, logistique et actifs g\u00e9r\u00e9s.<\/li><li><strong>1,7 milliard d\u2019euros<\/strong> investis depuis 2014.<\/li><li>Une \u00e9quipe compos\u00e9e de <strong>11 collaborateurs<\/strong>.<\/li><li>Jusqu\u2019\u00e0 <strong>479 millions d\u2019euros<\/strong> de fonds propres d\u00e9ploy\u00e9s par investissement.<\/li><\/ul><h5><span style=\"color: #d92b51;\">LE D\u00c9FI<\/span><\/h5><h2><strong>Simplifier les d\u00e9clarations employ\u00e9es, les formations annuelles et structurer les contr\u00f4les permanents<\/strong><\/h2><p>RedTree Capital souhaitait moderniser ses processus de conformit\u00e9, en particulier pour les campagnes de d\u00e9ontologie et ses campagne annuelle. En effet, la soci\u00e9t\u00e9 trouvait chronophage la collecte des attestations annuelles et le temps pass\u00e9 \u00e0 r\u00e9unir tous les employ\u00e9s dans la m\u00eame pi\u00e8ce pendant des heures pour leur formation.<\/p><p>De plus, le contr\u00f4le permanent de RedTree \u00e9tait jusqu\u2019\u00e0 lors externalis\u00e9. Dans le cadre de son internalisation, RedTree recherchait une solution capable de faciliter la gestion du plan de contr\u00f4le, des fiches de contr\u00f4le et du suivi des recommandations.<\/p><h5><span style=\"color: #d92b51;\">LA SOLUTION<\/span><\/h5><h2><strong>Digitalisation des modules de d\u00e9ontologie \/ formations en ligne et de contr\u00f4le permanent gr\u00e2ce aux fonctionnalit\u00e9s de Leo RegTech<\/strong><\/h2><p>Pour r\u00e9pondre \u00e0 ces enjeux, RedTree Capital a fait appel \u00e0 Leo RegTech. La plateforme a permis \u00e0 l\u2019\u00e9quipe de digitaliser et d\u2019automatiser plusieurs processus essentiels. Les attestations ont pu \u00eatre envoy\u00e9es aux employ\u00e9s en seulement quelques clics, avec un syst\u00e8me permettant de collecter de la part des employ\u00e9s une mise \u00e0 jour des informations sur les mandats externes, cadeaux et avantages, conflits d\u2019int\u00e9r\u00eats, le tout centralis\u00e9 dans l\u2019outil.<\/p><p>En parall\u00e8le, nous avons mis en place pour RedTree de nombreux modules et registre un processus de pr\u00e9-approbation pour les cadeaux et avantages, ainsi qu\u2019un registre des incidents (incluant un registre cyber pour DORA) permettant de notifier la conformit\u00e9 en temps r\u00e9el, garantissant une efficacit\u00e9 et un suivi optimal sur ces sujets importants.<\/p><p>Enfin, nous avons pu digitaliser l\u2019ensemble du plan de contr\u00f4le, des fiches de contr\u00f4les de RedTree tout en les adaptant aux proc\u00e9dures de la soci\u00e9t\u00e9 de gestion et form\u00e9 l\u2019\u00e9quipe de conformit\u00e9 \u00e0 l\u2019outil afin qu\u2019elle soit autonome \u00e0 l\u2019avenir si des changements doivent \u00eatre apport\u00e9s. Gr\u00e2ce \u00e0 la digitalisation du contr\u00f4le permanent, les fiches se g\u00e9n\u00e8rent plus facilement et l\u2019extraction automatique des recommandations, r\u00e9sulte en un gain du temps pour la conformit\u00e9, tout en b\u00e9n\u00e9ficiant d\u2019une vision d\u2019ensemble sur ces derni\u00e8res et de rappels calendrier.<\/p><h5><span style=\"color: #d92b51;\">LES R\u00c9SULTATS<\/span><\/h5><h2><strong>Des processus de conformit\u00e9 plus fluides et efficaces<\/strong><\/h2><p>Gr\u00e2ce \u00e0 cette centralisation et \u00e0 l\u2019automatisation, l\u2019\u00e9quipe a pu assurer une meilleure collecte des d\u00e9clarations employ\u00e9s et des formations ainsi qu\u2019un contr\u00f4le permanent plus efficace. En cons\u00e9quence, l\u2019\u00e9quipe conformit\u00e9 dispose d\u00e9sormais d\u2019une vue claire et centralis\u00e9e sur toutes les obligations de conformit\u00e9, renfor\u00e7ant ainsi la capacit\u00e9 de RedTree \u00e0 r\u00e9pondre aux exigences des r\u00e9gulateurs.<\/p><h5><span style=\"color: #d92b51;\">L&rsquo;ONBOARDING<\/span><\/h5><h2><strong>Un accompagnement personnalis\u00e9<\/strong><\/h2><p>L\u2019onboarding a \u00e9t\u00e9 rythm\u00e9 par des points bimensuels, et un calendrier de digitalisation selon les priorit\u00e9s permettant aux membres de l\u2019\u00e9quipe conformit\u00e9 de suivre les avanc\u00e9es et de se familiariser avec l\u2019outil Leo.<\/p><p>S\u2019en est suivi une formation en pr\u00e9sentiel avec l\u2019ensemble des employ\u00e9s pour lancer les modules de premier niveau et une formation r\u00e9capitulative pour l\u2019\u00e9quipe de conformit\u00e9 post-onboarding.<\/p><p>Gr\u00e2ce \u00e0 cet accompagnement, l\u2019\u00e9quipe a pu adopter rapidement Leo et l\u2019int\u00e9grer efficacement \u00e0 son quotidien.<\/p><p>Aujourd\u2019hui, RedTree Capital continue d\u2019utiliser Leo pour simplifier ses processus de conformit\u00e9 et se pr\u00e9parer aux \u00e9volutions r\u00e9glementaires futures, renfor\u00e7ant ainsi sa position dans un environnement en constante \u00e9volution.<\/p>\t\t\t\t\t\t\t\t<\/div>\n\t\t\t\t<\/div>\n\t\t\t\t\t<\/div>\n\t\t\t\t<\/div>\n\t\t\t\t<\/div>\n\t\t","protected":false},"excerpt":{"rendered":"<p>La Transformation de RedTree : De la Papier \u00e0 la Performance \u00c0 propos de RedTree Capital Redtree Capital est une soci\u00e9t\u00e9 de gestion ind\u00e9pendante agr\u00e9\u00e9e par l\u2019AMF, sp\u00e9cialis\u00e9e dans l\u2019immobilier Value-Add en Europe. Avec une approche entrepreneuriale affirm\u00e9e et une expertise reconnue, Redtree Capital est un acteur de premier plan sur le march\u00e9 de l\u2019investissement [&hellip;]<\/p>\n","protected":false},"author":4,"featured_media":0,"parent":0,"menu_order":0,"comment_status":"closed","ping_status":"closed","template":"elementor_header_footer","meta":{"content-type":"","footnotes":""},"class_list":["post-13964","page","type-page","status-publish","hentry"],"yoast_head":"<!-- This site is optimized with the Yoast SEO plugin v27.3 - https:\/\/yoast.com\/product\/yoast-seo-wordpress\/ -->\n<title>Red Tree Success Story - Leo RegTech<\/title>\n<meta name=\"description\" content=\"Redtree Capital est une soci\u00e9t\u00e9 de gestion ind\u00e9pendante agr\u00e9\u00e9e par l\u2019AMF, sp\u00e9cialis\u00e9e dans l\u2019immobilier Value-Add en Europe.\" \/>\n<meta name=\"robots\" content=\"index, follow, max-snippet:-1, max-image-preview:large, max-video-preview:-1\" \/>\n<link rel=\"canonical\" href=\"https:\/\/leo.tech\/fr\/red-tree-success-story\/\" \/>\n<meta property=\"og:locale\" content=\"fr_FR\" \/>\n<meta property=\"og:type\" content=\"article\" \/>\n<meta property=\"og:title\" content=\"Red Tree Success Story - Leo RegTech\" \/>\n<meta property=\"og:description\" content=\"Redtree Capital est une soci\u00e9t\u00e9 de gestion ind\u00e9pendante agr\u00e9\u00e9e par l\u2019AMF, sp\u00e9cialis\u00e9e dans l\u2019immobilier Value-Add en Europe.\" \/>\n<meta property=\"og:url\" content=\"https:\/\/leo.tech\/fr\/red-tree-success-story\/\" \/>\n<meta property=\"og:site_name\" content=\"Leo RegTech\" \/>\n<meta property=\"article:modified_time\" content=\"2026-04-22T13:13:33+00:00\" \/>\n<meta name=\"twitter:card\" content=\"summary_large_image\" \/>\n<meta name=\"twitter:site\" content=\"@LeoTechSoftware\" \/>\n<meta name=\"twitter:label1\" content=\"Dur\u00e9e de lecture estim\u00e9e\" \/>\n\t<meta name=\"twitter:data1\" content=\"4 minutes\" \/>\n<script type=\"application\/ld+json\" class=\"yoast-schema-graph\">{\"@context\":\"https:\\\/\\\/schema.org\",\"@graph\":[{\"@type\":\"WebPage\",\"@id\":\"https:\\\/\\\/leo.tech\\\/fr\\\/red-tree-success-story\\\/\",\"url\":\"https:\\\/\\\/leo.tech\\\/fr\\\/red-tree-success-story\\\/\",\"name\":\"Red Tree Success Story - Leo RegTech\",\"isPartOf\":{\"@id\":\"https:\\\/\\\/leo.tech\\\/fr\\\/#website\"},\"datePublished\":\"2025-07-24T14:54:19+00:00\",\"dateModified\":\"2026-04-22T13:13:33+00:00\",\"description\":\"Redtree Capital est une soci\u00e9t\u00e9 de gestion ind\u00e9pendante agr\u00e9\u00e9e par l\u2019AMF, sp\u00e9cialis\u00e9e dans l\u2019immobilier Value-Add en Europe.\",\"breadcrumb\":{\"@id\":\"https:\\\/\\\/leo.tech\\\/fr\\\/red-tree-success-story\\\/#breadcrumb\"},\"inLanguage\":\"fr-FR\",\"potentialAction\":[{\"@type\":\"ReadAction\",\"target\":[\"https:\\\/\\\/leo.tech\\\/fr\\\/red-tree-success-story\\\/\"]}]},{\"@type\":\"BreadcrumbList\",\"@id\":\"https:\\\/\\\/leo.tech\\\/fr\\\/red-tree-success-story\\\/#breadcrumb\",\"itemListElement\":[{\"@type\":\"ListItem\",\"position\":1,\"name\":\"Home\",\"item\":\"https:\\\/\\\/leo.tech\\\/fr\\\/\"},{\"@type\":\"ListItem\",\"position\":2,\"name\":\"Red Tree Success Story\"}]},{\"@type\":\"WebSite\",\"@id\":\"https:\\\/\\\/leo.tech\\\/fr\\\/#website\",\"url\":\"https:\\\/\\\/leo.tech\\\/fr\\\/\",\"name\":\"Leo RegTech\",\"description\":\"All-In-One Compliance Platform\",\"publisher\":{\"@id\":\"https:\\\/\\\/leo.tech\\\/fr\\\/#organization\"},\"potentialAction\":[{\"@type\":\"SearchAction\",\"target\":{\"@type\":\"EntryPoint\",\"urlTemplate\":\"https:\\\/\\\/leo.tech\\\/fr\\\/?s={search_term_string}\"},\"query-input\":{\"@type\":\"PropertyValueSpecification\",\"valueRequired\":true,\"valueName\":\"search_term_string\"}}],\"inLanguage\":\"fr-FR\"},{\"@type\":\"Organization\",\"@id\":\"https:\\\/\\\/leo.tech\\\/fr\\\/#organization\",\"name\":\"Leo\",\"url\":\"https:\\\/\\\/leo.tech\\\/fr\\\/\",\"logo\":{\"@type\":\"ImageObject\",\"inLanguage\":\"fr-FR\",\"@id\":\"https:\\\/\\\/leo.tech\\\/fr\\\/#\\\/schema\\\/logo\\\/image\\\/\",\"url\":\"https:\\\/\\\/leo.tech\\\/wp-content\\\/uploads\\\/2021\\\/12\\\/leo-logo.svg\",\"contentUrl\":\"https:\\\/\\\/leo.tech\\\/wp-content\\\/uploads\\\/2021\\\/12\\\/leo-logo.svg\",\"width\":115,\"height\":87,\"caption\":\"Leo\"},\"image\":{\"@id\":\"https:\\\/\\\/leo.tech\\\/fr\\\/#\\\/schema\\\/logo\\\/image\\\/\"},\"sameAs\":[\"https:\\\/\\\/x.com\\\/LeoTechSoftware\",\"https:\\\/\\\/www.linkedin.com\\\/company\\\/leo-tech-software\",\"https:\\\/\\\/www.youtube.com\\\/channel\\\/UCNJV5JWbgIjlG7zEub2w0-g\"]}]}<\/script>\n<!-- \/ Yoast SEO plugin. -->","yoast_head_json":{"title":"Red Tree Success Story - Leo RegTech","description":"Redtree Capital est une soci\u00e9t\u00e9 de gestion ind\u00e9pendante agr\u00e9\u00e9e par l\u2019AMF, sp\u00e9cialis\u00e9e dans l\u2019immobilier Value-Add en Europe.","robots":{"index":"index","follow":"follow","max-snippet":"max-snippet:-1","max-image-preview":"max-image-preview:large","max-video-preview":"max-video-preview:-1"},"canonical":"https:\/\/leo.tech\/fr\/red-tree-success-story\/","og_locale":"fr_FR","og_type":"article","og_title":"Red Tree Success Story - Leo RegTech","og_description":"Redtree Capital est une soci\u00e9t\u00e9 de gestion ind\u00e9pendante agr\u00e9\u00e9e par l\u2019AMF, sp\u00e9cialis\u00e9e dans l\u2019immobilier Value-Add en Europe.","og_url":"https:\/\/leo.tech\/fr\/red-tree-success-story\/","og_site_name":"Leo RegTech","article_modified_time":"2026-04-22T13:13:33+00:00","twitter_card":"summary_large_image","twitter_site":"@LeoTechSoftware","twitter_misc":{"Dur\u00e9e de lecture estim\u00e9e":"4 minutes"},"schema":{"@context":"https:\/\/schema.org","@graph":[{"@type":"WebPage","@id":"https:\/\/leo.tech\/fr\/red-tree-success-story\/","url":"https:\/\/leo.tech\/fr\/red-tree-success-story\/","name":"Red Tree Success Story - Leo RegTech","isPartOf":{"@id":"https:\/\/leo.tech\/fr\/#website"},"datePublished":"2025-07-24T14:54:19+00:00","dateModified":"2026-04-22T13:13:33+00:00","description":"Redtree Capital est une soci\u00e9t\u00e9 de gestion ind\u00e9pendante agr\u00e9\u00e9e par l\u2019AMF, sp\u00e9cialis\u00e9e dans l\u2019immobilier Value-Add en Europe.","breadcrumb":{"@id":"https:\/\/leo.tech\/fr\/red-tree-success-story\/#breadcrumb"},"inLanguage":"fr-FR","potentialAction":[{"@type":"ReadAction","target":["https:\/\/leo.tech\/fr\/red-tree-success-story\/"]}]},{"@type":"BreadcrumbList","@id":"https:\/\/leo.tech\/fr\/red-tree-success-story\/#breadcrumb","itemListElement":[{"@type":"ListItem","position":1,"name":"Home","item":"https:\/\/leo.tech\/fr\/"},{"@type":"ListItem","position":2,"name":"Red Tree Success Story"}]},{"@type":"WebSite","@id":"https:\/\/leo.tech\/fr\/#website","url":"https:\/\/leo.tech\/fr\/","name":"Leo RegTech","description":"All-In-One Compliance Platform","publisher":{"@id":"https:\/\/leo.tech\/fr\/#organization"},"potentialAction":[{"@type":"SearchAction","target":{"@type":"EntryPoint","urlTemplate":"https:\/\/leo.tech\/fr\/?s={search_term_string}"},"query-input":{"@type":"PropertyValueSpecification","valueRequired":true,"valueName":"search_term_string"}}],"inLanguage":"fr-FR"},{"@type":"Organization","@id":"https:\/\/leo.tech\/fr\/#organization","name":"Leo","url":"https:\/\/leo.tech\/fr\/","logo":{"@type":"ImageObject","inLanguage":"fr-FR","@id":"https:\/\/leo.tech\/fr\/#\/schema\/logo\/image\/","url":"https:\/\/leo.tech\/wp-content\/uploads\/2021\/12\/leo-logo.svg","contentUrl":"https:\/\/leo.tech\/wp-content\/uploads\/2021\/12\/leo-logo.svg","width":115,"height":87,"caption":"Leo"},"image":{"@id":"https:\/\/leo.tech\/fr\/#\/schema\/logo\/image\/"},"sameAs":["https:\/\/x.com\/LeoTechSoftware","https:\/\/www.linkedin.com\/company\/leo-tech-software","https:\/\/www.youtube.com\/channel\/UCNJV5JWbgIjlG7zEub2w0-g"]}]}},"_links":{"self":[{"href":"https:\/\/leo.tech\/fr\/wp-json\/wp\/v2\/pages\/13964","targetHints":{"allow":["GET"]}}],"collection":[{"href":"https:\/\/leo.tech\/fr\/wp-json\/wp\/v2\/pages"}],"about":[{"href":"https:\/\/leo.tech\/fr\/wp-json\/wp\/v2\/types\/page"}],"author":[{"embeddable":true,"href":"https:\/\/leo.tech\/fr\/wp-json\/wp\/v2\/users\/4"}],"replies":[{"embeddable":true,"href":"https:\/\/leo.tech\/fr\/wp-json\/wp\/v2\/comments?post=13964"}],"version-history":[{"count":13,"href":"https:\/\/leo.tech\/fr\/wp-json\/wp\/v2\/pages\/13964\/revisions"}],"predecessor-version":[{"id":15170,"href":"https:\/\/leo.tech\/fr\/wp-json\/wp\/v2\/pages\/13964\/revisions\/15170"}],"wp:attachment":[{"href":"https:\/\/leo.tech\/fr\/wp-json\/wp\/v2\/media?parent=13964"}],"curies":[{"name":"wp","href":"https:\/\/api.w.org\/{rel}","templated":true}]}}